{"id":4974,"date":"2021-12-14T08:03:27","date_gmt":"2021-12-14T08:03:27","guid":{"rendered":"https:\/\/digivn.com\/san-pham\/cam-bien-do-gio-nrg-40h\/"},"modified":"2021-12-20T02:03:34","modified_gmt":"2021-12-20T02:03:34","slug":"nrg-40h-anemometer","status":"publish","type":"product","link":"https:\/\/digivn.com\/en\/nrg-40h-anemometer\/","title":{"rendered":"NRG 40H anemometer"},"content":{"rendered":"<p>The 40H is based on the\u00a0NRG 40C Anemometer, one of the first anemometers designed exclusively for the wind industry. This Hall Effect version is engineered for electrically noisy environments and instrumentation that requires a square wave signal. The 40H is most commonly used as a control sensor, either on small wind turbines or to trigger PV tracker stowing in dangerously high winds.<\/p>\n<p>&nbsp;<\/p>\n<p>The 40H\u2019s Hall Effect switch produces a high level square wave voltage signal with a frequency proportional to wind speed. This signal is easy to interface to a wide range of industrial devices including turbine controllers, programmable logic controllers (PLCs), and data loggers. A 5-26V DC excitation voltage with 5 mA of current is required.<\/p>\n<p>&nbsp;<\/p>\n<p>Constructed of rugged Lexan cups, the 40H is molded in one piece for repeatable performance. A PVC terminal boot is included with each anemometer for additional protection from the elements.<\/p>\n","protected":false},"excerpt":{"rendered":"<p>C\u1ea3m bi\u1ebfn \u0111o gi\u00f3 NRG 40H d\u1ef1a tr\u00ean <a href=\"https:\/\/digivn.com\/san-pham\/cam-bien-do-gio-nrg-40c\/\">C\u1ea3m bi\u1ebfn \u0111o gi\u00f3 NRG 40C<\/a>, m\u1ed9t trong nh\u1eefng c\u1ea3m bi\u1ebfn \u0111o gi\u00f3 \u0111\u1ea7u ti\u00ean \u0111\u01b0\u1ee3c thi\u1ebft k\u1ebf d\u00e0nh ri\u00eang cho ng\u00e0nh c\u00f4ng nghi\u1ec7p n\u0103ng l\u01b0\u1ee3ng t\u00e1i t\u1ea1o.<\/p>\n","protected":false},"featured_media":4793,"comment_status":"open","ping_status":"closed","template":"","meta":[],"product_cat":[758,759],"product_tag":[],"_links":{"self":[{"href":"https:\/\/digivn.com\/en\/wp-json\/wp\/v2\/product\/4974"}],"collection":[{"href":"https:\/\/digivn.com\/en\/wp-json\/wp\/v2\/product"}],"about":[{"href":"https:\/\/digivn.com\/en\/wp-json\/wp\/v2\/types\/product"}],"replies":[{"embeddable":true,"href":"https:\/\/digivn.com\/en\/wp-json\/wp\/v2\/comments?post=4974"}],"version-history":[{"count":0,"href":"https:\/\/digivn.com\/en\/wp-json\/wp\/v2\/product\/4974\/revisions"}],"wp:featuredmedia":[{"embeddable":true,"href":"https:\/\/digivn.com\/en\/wp-json\/wp\/v2\/media\/4793"}],"wp:attachment":[{"href":"https:\/\/digivn.com\/en\/wp-json\/wp\/v2\/media?parent=4974"}],"wp:term":[{"taxonomy":"product_cat","embeddable":true,"href":"https:\/\/digivn.com\/en\/wp-json\/wp\/v2\/product_cat?post=4974"},{"taxonomy":"product_tag","embeddable":true,"href":"https:\/\/digivn.com\/en\/wp-json\/wp\/v2\/product_tag?post=4974"}],"curies":[{"name":"wp","href":"https:\/\/api.w.org\/{rel}","templated":true}]}}