{"id":3616,"date":"2021-11-14T07:03:35","date_gmt":"2021-11-14T07:03:35","guid":{"rendered":"https:\/\/dev.digivn.com\/lien-he\/"},"modified":"2021-11-24T14:19:06","modified_gmt":"2021-11-24T14:19:06","slug":"contact","status":"publish","type":"page","link":"https:\/\/digivn.com\/en\/contact\/","title":{"rendered":"Contact"},"content":{"rendered":"\t\t<div data-elementor-type=\"wp-page\" data-elementor-id=\"3616\" class=\"elementor elementor-3616 elementor-38\" data-elementor-settings=\"[]\">\n\t\t\t\t\t\t\t<div class=\"elementor-section-wrap\">\n\t\t\t\t\t\t\t<section class=\"elementor-section elementor-top-section elementor-element elementor-element-3dc93263 elementor-section-boxed elementor-section-height-default elementor-section-height-default\" data-id=\"3dc93263\" data-element_type=\"section\">\n\t\t\t\t\t\t<div class=\"elementor-container elementor-column-gap-default\">\n\t\t\t\t\t<div class=\"elementor-column elementor-col-100 elementor-top-column elementor-element elementor-element-4b7541cc\" data-id=\"4b7541cc\" data-element_type=\"column\">\n\t\t\t<div class=\"elementor-widget-wrap elementor-element-populated\">\n\t\t\t\t\t\t\t\t<div class=\"elementor-element elementor-element-7423c585 elementor-widget elementor-widget-text-editor\" data-id=\"7423c585\" data-element_type=\"widget\" data-widget_type=\"text-editor.default\">\n\t\t\t\t<div class=\"elementor-widget-container\">\n\t\t\t\t\t\t\t<p><!-- wp:tadv\/classic-paragraph {\"translatedWithWPMLTM\":\"1\"} --><\/p>\n<div class=\"contact-1__section\">\n<div class=\"contact-1__section--infor column-5 column-12-mx\">\n<div class=\"infor-header\">\n<p>C\u00f4ng ty TNHH C\u00f4ng ngh\u1ec7 DiGi<\/p>\n<\/div>\n<div class=\"infor-items\">\n<div class=\"infor-items__title\">\n<p>Tr\u1ee5 s\u1edf ch\u00ednh t\u1ea1i TP.HCM<\/p>\n<\/div>\n<div class=\"infor-items__decs\">\n<p><strong>\u0110\u1ecba ch\u1ec9:<\/strong> 4.23 &#8211; T\u1ea7ng 4, to\u00e0 nh\u00e0 Kingston Residence, 146 Nguy\u1ec5n V\u0103n Tr\u1ed7i, ph\u01b0\u1eddng 8, qu\u1eadn Ph\u00fa Nhu\u1eadn, TPHCM<\/p>\n<p><strong>Li\u00ean h\u1ec7:<\/strong> 028 3636 7887 | 0909 870 350 * <strong>Fax:<\/strong> 028 3636 7886<\/p>\n<p><strong>Website:<\/strong> www.testoshop.vn | www.testo.vn<\/p>\n<p><strong>Email:<\/strong> info@digivn.com | testo@testo.vn<\/p><p><br><\/p>\n<p><\/p>\n<\/div>\n<\/div>\n<div class=\"infor-items\">\n<div class=\"infor-items__title\">\n<p>Tr\u1ee5 s\u1edf t\u1ea1i H\u00e0 N\u1ed9i<\/p>\n<\/div>\n<div class=\"infor-items__decs\">\n<p><strong>\u0110\u1ecba ch\u1ec9:<\/strong> Ph\u00f2ng 401, 55 \u0110\u1ed7 Quang, ph\u01b0\u1eddng Trung H\u00f2a, qu\u1eadn C\u1ea7u Gi\u1ea5y, H\u00e0 N\u1ed9i<\/p>\n<p><strong>Li\u00ean h\u1ec7:<\/strong> 024 6295 0970 *<strong> Fax:<\/strong> 024 3555 1585<\/p><p><br><\/p>\n<p><\/p>\n<\/div>\n<\/div>\n<div class=\"infor-items\">\n<div class=\"infor-items__title\">\n<p>Tr\u1ee5 s\u1edf t\u1ea1i \u0110\u00e0 N\u1eb5ng<\/p>\n<\/div>\n<div class=\"infor-items__decs\">\n<p><strong>\u0110\u1ecba ch\u1ec9:<\/strong> T\u1ea7ng 2, to\u00e0 nh\u00e0 Quatest 2, 97 L\u00fd Th\u00e1i T\u1ed5, ph\u01b0\u1eddng Th\u1ea1c Gi\u00e1n, qu\u1eadn Thanh Kh\u00ea, \u0110\u00e0 N\u1eb5ng<\/p>\n<p><strong>Li\u00ean h\u1ec7:<\/strong> 0968 092 201<\/p><p><br><\/p>\n<p><\/p>\n<\/div>\n<\/div>\n<div class=\"infor-items\">\n<div class=\"infor-items__decs\">\n<p>C\u00e1m \u01a1n qu\u00fd kh\u00e1ch \u0111\u00e3 quan t\u00e2m \u0111\u1ebfn s\u1ea3n ph\u1ea9m c\u1ee7a ch\u00fang t\u00f4i!<\/p><p><br><\/p>\n<\/div>\n<\/div>\n<div class=\"infor-items\">\n<div class=\"infor-items__decs\">\n<p><em><strong>Ch\u00fa \u00fd:<\/strong> Qu\u00fd kh\u00e1ch vui l\u00f2ng \u0111i\u1ec1n \u0111\u1ea7y \u0111\u1ee7 th\u00f4ng tin theo form sau. Ch\u00fang t\u00f4i s\u1ebd li\u00ean h\u1ec7 v\u1edbi Qu\u00fd kh\u00e1ch trong th\u1eddi gian s\u1edbm nh\u1ea5t.<\/em><\/p>\n<p><em>Xin ch\u00e2n th\u00e0nh c\u1ea3m \u01a1n!<\/em><\/p>\n<\/div>\n<\/div>\n<\/div>\n<div class=\"contact-1__section--form column-7 column-12-mx\"><form class=\"form\" id=\"contactForm\">\r\n        <div class=\"form-input\">\r\n            <input type=\"text\" placeholder=\"Full name*\" name=\"fullname\">\r\n        <\/div>\r\n        <div class=\"form-input\">\r\n            <input type=\"tel\" placeholder=\"Phone*\" name=\"phone\">\r\n        <\/div>\r\n        <div class=\"form-input\">\r\n            <input type=\"email\" placeholder=\"Email*\" name=\"email\">\r\n        <\/div>\r\n        <div class=\"form-input\">\r\n            <input type=\"text\" placeholder=\"Unit\" name=\"unit\">\r\n        <\/div>\r\n        <div class=\"form-input\">\r\n            <textarea placeholder=\"Request a quote*\" name=\"request\"><\/textarea>\r\n        <\/div>\r\n        <div class=\"form-submit\">\r\n            <div class=\"btn--link\">\r\n                <input type=\"submit\" name=\"submit\" value=\"Send\" style=\"color:#FFF;text-transform: uppercase;opacity: 1 !important;\">\r\n            <\/div>\r\n            <div class=\"btn--link\">\r\n                <input type=\"reset\" name=\"reset\" value=\"Retype\" style=\"color:#FFF;text-transform: uppercase;opacity: 1 !important;\">\r\n            <\/div>\r\n        <\/div>\r\n    <\/form>\r\n    <div class=\"form-alert__popup\" id=\"alert-sever\">\r\n        <div class=\"container\">\r\n            <div class=\"form-alert__popup--wrapper\">\r\n                <div class=\"form-alert__popup--wrapper-alert\">\r\n                    <p>Unsolicited failed error<br>Please resend information<\/p>\r\n                <\/div>\r\n                <div class=\"form-alert__popup--wrapper-btn\">\r\n                    <a href=\"javascript:void(0);\" class=\"btn--link btn-ok\">\r\n                        <span>Ok<\/span>\r\n                    <\/a>\r\n                <\/div>\r\n                <div class=\"btn-close\">\r\n                    <div class=\"line-1\"><\/div>\r\n                    <div class=\"line-2\"><\/div>\r\n                <\/div>\r\n            <\/div>\r\n        <\/div>\r\n    <\/div>\r\n    <div class=\"form-alert__popup\" id=\"alert-success\">\r\n        <div class=\"container\">\r\n            <div class=\"form-alert__popup--wrapper\">\r\n                <div class=\"form-alert__popup--wrapper-alert\">\r\n                    <p>You have successfully submitted<\/p>\r\n                <\/div>\r\n                <div class=\"form-alert__popup--wrapper-btn\">\r\n                    <a href=\"javascript:void(0);\" class=\"btn--link btn-ok\">\r\n                        <span>Ok<\/span>\r\n                    <\/a>\r\n                <\/div>\r\n                <div class=\"btn-close\">\r\n                    <div class=\"line-1\"><\/div>\r\n                    <div class=\"line-2\"><\/div>\r\n                <\/div>\r\n            <\/div>\r\n        <\/div>\r\n    <\/div><\/div>\n<\/div>\n<p><!-- \/wp:tadv\/classic-paragraph --><\/p>\t\t\t\t\t\t<\/div>\n\t\t\t\t<\/div>\n\t\t\t\t\t<\/div>\n\t\t<\/div>\n\t\t\t\t\t\t\t<\/div>\n\t\t<\/section>\n\t\t\t\t\t\t<\/div>\n\t\t\t\t\t<\/div>\n\t\t","protected":false},"excerpt":{"rendered":"<p>DIGI TECHNOLOGIES CO., LTD Address: 4.23 &#8211; 4th floor, Kingston Residence Bldg, 146 Nguyen Van Troi Street, Ward 8, Phu Nhuan District, HCMC. Tel: +84-28-3636 7887 | +84-90-987 0350 * Fax: +84-28-3636 7886 Website: www.testoshop.vn | www.testo.vn Email: info@digivn.com | testo@testo.vn Ha Noi Branch Address: Room 401, 55 Do Quang Street, Trung Hoa Ward, Cau [&hellip;]<\/p>\n","protected":false},"author":1,"featured_media":3178,"parent":0,"menu_order":0,"comment_status":"closed","ping_status":"closed","template":"","meta":[],"_links":{"self":[{"href":"https:\/\/digivn.com\/en\/wp-json\/wp\/v2\/pages\/3616"}],"collection":[{"href":"https:\/\/digivn.com\/en\/wp-json\/wp\/v2\/pages"}],"about":[{"href":"https:\/\/digivn.com\/en\/wp-json\/wp\/v2\/types\/page"}],"author":[{"embeddable":true,"href":"https:\/\/digivn.com\/en\/wp-json\/wp\/v2\/users\/1"}],"replies":[{"embeddable":true,"href":"https:\/\/digivn.com\/en\/wp-json\/wp\/v2\/comments?post=3616"}],"version-history":[{"count":0,"href":"https:\/\/digivn.com\/en\/wp-json\/wp\/v2\/pages\/3616\/revisions"}],"wp:featuredmedia":[{"embeddable":true,"href":"https:\/\/digivn.com\/en\/wp-json\/wp\/v2\/media\/3178"}],"wp:attachment":[{"href":"https:\/\/digivn.com\/en\/wp-json\/wp\/v2\/media?parent=3616"}],"curies":[{"name":"wp","href":"https:\/\/api.w.org\/{rel}","templated":true}]}}